{"id":27929,"date":"2023-01-31T17:06:48","date_gmt":"2023-01-31T15:06:48","guid":{"rendered":"https:\/\/illusionstage.com\/consultoria-i-assessoria\/"},"modified":"2023-03-22T17:37:55","modified_gmt":"2023-03-22T15:37:55","slug":"consultoria-i-assessoria","status":"publish","type":"page","link":"https:\/\/illusionstage.com\/ca\/consultoria-i-assessoria\/","title":{"rendered":"Consultoria i assessoria"},"content":{"rendered":"\t\t<div data-elementor-type=\"wp-page\" data-elementor-id=\"27929\" class=\"elementor elementor-27929 elementor-26829\" data-elementor-post-type=\"page\">\n\t\t\t\t\t\t<section class=\"elementor-section elementor-top-section elementor-element elementor-element-10258904 elementor-section-boxed elementor-section-height-default elementor-section-height-default\" data-id=\"10258904\" data-element_type=\"section\">\n\t\t\t\t\t\t<div class=\"elementor-container elementor-column-gap-default\">\n\t\t\t\t\t<div class=\"elementor-column elementor-col-100 elementor-top-column elementor-element elementor-element-7a1058b7\" data-id=\"7a1058b7\" data-element_type=\"column\">\n\t\t\t<div class=\"elementor-widget-wrap elementor-element-populated\">\n\t\t\t\t\t\t<section class=\"elementor-section elementor-inner-section elementor-element elementor-element-b566a62 elementor-section-boxed elementor-section-height-default elementor-section-height-default\" data-id=\"b566a62\" data-element_type=\"section\">\n\t\t\t\t\t\t<div class=\"elementor-container elementor-column-gap-default\">\n\t\t\t\t\t<div class=\"elementor-column elementor-col-100 elementor-inner-column elementor-element elementor-element-bc11f98 elementor-invisible\" data-id=\"bc11f98\" data-element_type=\"column\" data-settings=\"{&quot;animation&quot;:&quot;slideInUp&quot;}\">\n\t\t\t<div class=\"elementor-widget-wrap elementor-element-populated\">\n\t\t\t\t\t\t<div class=\"elementor-element elementor-element-0722056 elementor-widget elementor-widget-heading\" data-id=\"0722056\" data-element_type=\"widget\" data-widget_type=\"heading.default\">\n\t\t\t\t<div class=\"elementor-widget-container\">\n\t\t\t<style>\/*! elementor - v3.23.0 - 15-07-2024 *\/\n.elementor-heading-title{padding:0;margin:0;line-height:1}.elementor-widget-heading .elementor-heading-title[class*=elementor-size-]>a{color:inherit;font-size:inherit;line-height:inherit}.elementor-widget-heading .elementor-heading-title.elementor-size-small{font-size:15px}.elementor-widget-heading .elementor-heading-title.elementor-size-medium{font-size:19px}.elementor-widget-heading .elementor-heading-title.elementor-size-large{font-size:29px}.elementor-widget-heading .elementor-heading-title.elementor-size-xl{font-size:39px}.elementor-widget-heading .elementor-heading-title.elementor-size-xxl{font-size:59px}<\/style><h2 class=\"elementor-heading-title elementor-size-default\">Consultoria i assessoria<\/h2>\t\t<\/div>\n\t\t\t\t<\/div>\n\t\t\t\t<div class=\"elementor-element elementor-element-6322ada elementor-widget elementor-widget-text-editor\" data-id=\"6322ada\" data-element_type=\"widget\" data-widget_type=\"text-editor.default\">\n\t\t\t\t<div class=\"elementor-widget-container\">\n\t\t\t<style>\/*! elementor - v3.23.0 - 15-07-2024 *\/\n.elementor-widget-text-editor.elementor-drop-cap-view-stacked .elementor-drop-cap{background-color:#69727d;color:#fff}.elementor-widget-text-editor.elementor-drop-cap-view-framed .elementor-drop-cap{color:#69727d;border:3px solid;background-color:transparent}.elementor-widget-text-editor:not(.elementor-drop-cap-view-default) .elementor-drop-cap{margin-top:8px}.elementor-widget-text-editor:not(.elementor-drop-cap-view-default) .elementor-drop-cap-letter{width:1em;height:1em}.elementor-widget-text-editor .elementor-drop-cap{float:left;text-align:center;line-height:1;font-size:50px}.elementor-widget-text-editor .elementor-drop-cap-letter{display:inline-block}<\/style>\t\t\t\t<p>El nostre comprom\u00eds amb el m\u00f3n de l&#8217;espectacle ens ha portat a involucrar-nos en el disseny i assessorament d&#8217;espais esc\u00e8nics i d&#8217;entreteniment, oferint els nostres coneixements i experi\u00e8ncia tant en el disseny de l&#8217;espai com en la configuraci\u00f3 dels equipaments t\u00e8cnics, mec\u00e0nica esc\u00e8nica, audiovisuals, il\u00b7luminaci\u00f3 i recondicionament ac\u00fastic.<\/p>\n\t\t\t\t\t\t<\/div>\n\t\t\t\t<\/div>\n\t\t\t\t\t<\/div>\n\t\t<\/div>\n\t\t\t\t\t<\/div>\n\t\t<\/section>\n\t\t\t\t\t<\/div>\n\t\t<\/div>\n\t\t\t\t\t<\/div>\n\t\t<\/section>\n\t\t\t\t<section class=\"elementor-section elementor-top-section elementor-element elementor-element-c4e4317 elementor-section-full_width elementor-section-height-default elementor-section-height-default\" data-id=\"c4e4317\" data-element_type=\"section\">\n\t\t\t\t\t\t<div class=\"elementor-container elementor-column-gap-default\">\n\t\t\t\t\t<div class=\"elementor-column elementor-col-100 elementor-top-column elementor-element elementor-element-6c90c4c\" data-id=\"6c90c4c\" data-element_type=\"column\">\n\t\t\t<div class=\"elementor-widget-wrap elementor-element-populated\">\n\t\t\t\t\t\t<div class=\"elementor-element elementor-element-22e1e3e elementor-widget elementor-widget-template\" data-id=\"22e1e3e\" data-element_type=\"widget\" data-widget_type=\"template.default\">\n\t\t\t\t<div class=\"elementor-widget-container\">\n\t\t\t\t\t<div class=\"elementor-template\">\n\t\t\t\t\t<div data-elementor-type=\"page\" data-elementor-id=\"28029\" class=\"elementor elementor-28029 elementor-27157\" data-elementor-post-type=\"elementor_library\">\n\t\t\t\t\t\t<section class=\"elementor-section elementor-top-section elementor-element elementor-element-ef91b9d elementor-section-full_width elementor-section-height-min-height elementor-section-items-top elementor-section-height-default\" data-id=\"ef91b9d\" data-element_type=\"section\">\n\t\t\t\t\t\t<div class=\"elementor-container elementor-column-gap-default\">\n\t\t\t\t\t<div class=\"elementor-column elementor-col-100 elementor-top-column elementor-element elementor-element-2a7479d\" data-id=\"2a7479d\" data-element_type=\"column\">\n\t\t\t<div class=\"elementor-widget-wrap elementor-element-populated\">\n\t\t\t\t\t\t<div class=\"elementor-element elementor-element-b96a7a8 carrusel_peq elementor-skin-carousel elementor-arrows-yes elementor-widget elementor-widget-media-carousel\" data-id=\"b96a7a8\" data-element_type=\"widget\" data-settings=\"{&quot;space_between&quot;:{&quot;unit&quot;:&quot;px&quot;,&quot;size&quot;:20,&quot;sizes&quot;:[]},&quot;speed&quot;:300,&quot;skin&quot;:&quot;carousel&quot;,&quot;effect&quot;:&quot;slide&quot;,&quot;show_arrows&quot;:&quot;yes&quot;,&quot;autoplay&quot;:&quot;yes&quot;,&quot;autoplay_speed&quot;:5000,&quot;loop&quot;:&quot;yes&quot;,&quot;pause_on_interaction&quot;:&quot;yes&quot;,&quot;space_between_tablet&quot;:{&quot;unit&quot;:&quot;px&quot;,&quot;size&quot;:10,&quot;sizes&quot;:[]},&quot;space_between_mobile&quot;:{&quot;unit&quot;:&quot;px&quot;,&quot;size&quot;:10,&quot;sizes&quot;:[]}}\" data-widget_type=\"media-carousel.default\">\n\t\t\t\t<div class=\"elementor-widget-container\">\n\t\t\t<link rel=\"stylesheet\" href=\"https:\/\/illusionstage.com\/wp-content\/plugins\/elementor-pro\/assets\/css\/widget-carousel.min.css?ver=1721663175\">\t\t<div class=\"elementor-swiper\">\n\t\t\t<div class=\"elementor-main-swiper swiper\">\n\t\t\t\t<div class=\"swiper-wrapper\">\n\t\t\t\t\t\t\t\t\t\t\t<div class=\"swiper-slide\">\n\t\t\t\t\t\t\t<a href=\"\/ca\/teatro-lope-de-vega\">\t\t<div class=\"elementor-carousel-image\" role=\"img\" aria-label=\"TEATRE LOPE DE VEGA\" style=\"background-image: url(&#039;https:\/\/illusionstage.com\/wp-content\/uploads\/2023\/03\/03_LDV.jpg&#039;)\">\n\n\t\t\t\n\t\t\t\t\t<\/div>\n\t\t\t\t\t<div class=\"elementor-carousel-image-overlay e-overlay-animation-fade\">\n\t\t\t\tTEATRE LOPE DE VEGA\t\t\t<\/div>\n\t\t\t<\/a>\t\t\t\t\t\t<\/div>\n\t\t\t\t\t\t\t\t\t\t\t<div class=\"swiper-slide\">\n\t\t\t\t\t\t\t<a href=\"\/ca\/teatro-coliseum\">\t\t<div class=\"elementor-carousel-image\" role=\"img\" aria-label=\"TEATRE COLISEUM\" style=\"background-image: url(&#039;https:\/\/illusionstage.com\/wp-content\/uploads\/2023\/03\/05_COLI.jpg&#039;)\">\n\n\t\t\t\n\t\t\t\t\t<\/div>\n\t\t\t\t\t<div class=\"elementor-carousel-image-overlay e-overlay-animation-fade\">\n\t\t\t\tTEATRE COLISEUM\t\t\t<\/div>\n\t\t\t<\/a>\t\t\t\t\t\t<\/div>\n\t\t\t\t\t\t\t\t\t\t\t<div class=\"swiper-slide\">\n\t\t\t\t\t\t\t<a href=\"\/ca\/teatro-eslava\">\t\t<div class=\"elementor-carousel-image\" role=\"img\" aria-label=\"TEATRE ESLAVA\" style=\"background-image: url(&#039;https:\/\/illusionstage.com\/wp-content\/uploads\/2023\/03\/05_JOY.jpg&#039;)\">\n\n\t\t\t\n\t\t\t\t\t<\/div>\n\t\t\t\t\t<div class=\"elementor-carousel-image-overlay e-overlay-animation-fade\">\n\t\t\t\tTEATRE ESLAVA\t\t\t<\/div>\n\t\t\t<\/a>\t\t\t\t\t\t<\/div>\n\t\t\t\t\t\t\t\t\t\t\t<div class=\"swiper-slide\">\n\t\t\t\t\t\t\t<a href=\"\/ca\/digitalizacion-de-espacios\/\">\t\t<div class=\"elementor-carousel-image\" role=\"img\" aria-label=\"DIGITALITZACI\u00d3 D&#039;ESPAIS\" style=\"background-image: url(&#039;https:\/\/illusionstage.com\/wp-content\/uploads\/2023\/03\/01_SCAN.jpg&#039;)\">\n\n\t\t\t\n\t\t\t\t\t<\/div>\n\t\t\t\t\t<div class=\"elementor-carousel-image-overlay e-overlay-animation-fade\">\n\t\t\t\tDIGITALITZACI\u00d3 D'ESPAIS\t\t\t<\/div>\n\t\t\t<\/a>\t\t\t\t\t\t<\/div>\n\t\t\t\t\t\t\t\t\t<\/div>\n\t\t\t\t\t\t\t\t\t\t\t\t\t\t\t\t\t\t\t\t<div class=\"elementor-swiper-button elementor-swiper-button-prev\" role=\"button\" tabindex=\"0\">\n\t\t\t\t\t\t\t<i aria-hidden=\"true\" class=\"eicon-chevron-left\"><\/i>\t\t\t\t\t\t\t<span class=\"elementor-screen-only\">Previous<\/span>\n\t\t\t\t\t\t<\/div>\n\t\t\t\t\t\t<div class=\"elementor-swiper-button elementor-swiper-button-next\" role=\"button\" tabindex=\"0\">\n\t\t\t\t\t\t\t<i aria-hidden=\"true\" class=\"eicon-chevron-right\"><\/i>\t\t\t\t\t\t\t<span class=\"elementor-screen-only\">Next<\/span>\n\t\t\t\t\t\t<\/div>\n\t\t\t\t\t\t\t\t\t\t\t\t<\/div>\n\t\t<\/div>\n\t\t\t\t<\/div>\n\t\t\t\t<\/div>\n\t\t\t\t\t<\/div>\n\t\t<\/div>\n\t\t\t\t\t<\/div>\n\t\t<\/section>\n\t\t\t\t<\/div>\n\t\t\t\t<\/div>\n\t\t\t\t<\/div>\n\t\t\t\t<\/div>\n\t\t\t\t\t<\/div>\n\t\t<\/div>\n\t\t\t\t\t<\/div>\n\t\t<\/section>\n\t\t\t\t<section class=\"elementor-section elementor-top-section elementor-element elementor-element-558c413 elementor-section-boxed elementor-section-height-default elementor-section-height-default\" data-id=\"558c413\" data-element_type=\"section\">\n\t\t\t\t\t\t<div class=\"elementor-container elementor-column-gap-default\">\n\t\t\t\t\t<div class=\"elementor-column elementor-col-100 elementor-top-column elementor-element elementor-element-b22f085\" data-id=\"b22f085\" data-element_type=\"column\">\n\t\t\t<div class=\"elementor-widget-wrap elementor-element-populated\">\n\t\t\t\t\t\t<section class=\"elementor-section elementor-inner-section elementor-element elementor-element-21d4a1b elementor-section-boxed elementor-section-height-default elementor-section-height-default elementor-invisible\" data-id=\"21d4a1b\" data-element_type=\"section\" data-settings=\"{&quot;animation&quot;:&quot;slideInUp&quot;}\">\n\t\t\t\t\t\t<div class=\"elementor-container elementor-column-gap-default\">\n\t\t\t\t\t<div class=\"elementor-column elementor-col-50 elementor-inner-column elementor-element elementor-element-856ca05\" data-id=\"856ca05\" data-element_type=\"column\">\n\t\t\t<div class=\"elementor-widget-wrap elementor-element-populated\">\n\t\t\t\t\t\t<div class=\"elementor-element elementor-element-aa6f1cf elementor-widget elementor-widget-heading\" data-id=\"aa6f1cf\" data-element_type=\"widget\" data-widget_type=\"heading.default\">\n\t\t\t\t<div class=\"elementor-widget-container\">\n\t\t\t<h2 class=\"elementor-heading-title elementor-size-default\">Els professionals que col\u00b7laboren amb Illusion Stage entenen que les instal\u00b7lacions han de ser concebudes com una curosa planificaci\u00f3 per tal que siguin funcionals, complint amb els objectius d'explotaci\u00f3 del client avui dia i en el futur.<\/h2>\t\t<\/div>\n\t\t\t\t<\/div>\n\t\t\t\t\t<\/div>\n\t\t<\/div>\n\t\t\t\t<div class=\"elementor-column elementor-col-50 elementor-inner-column elementor-element elementor-element-8cdad06\" data-id=\"8cdad06\" data-element_type=\"column\">\n\t\t\t<div class=\"elementor-widget-wrap elementor-element-populated\">\n\t\t\t\t\t\t<div class=\"elementor-element elementor-element-ce41ced elementor-widget elementor-widget-text-editor\" data-id=\"ce41ced\" data-element_type=\"widget\" data-widget_type=\"text-editor.default\">\n\t\t\t\t<div class=\"elementor-widget-container\">\n\t\t\t\t\t\t\t<p>La nostra estrat\u00e8gia \u00e9s definir i tenir una visi\u00f3 dels objectius a cobrir en el lloc, essent aquest el primer pas per a un projecte d&#8217;\u00e8xit.<\/p>\n<p>Nosaltres ajudem al desenvolupament del seu projecte creant equips de treball i planificant els processos fent realitat les seves idees.<\/p>\n<p>Hem participat en molts projectes teatrals, musicals de gran format i esdeveniments corporatius en els m\u00e9s de 30 anys d&#8217;experi\u00e8ncia que ens avalen. En tota mena de teatres, auditoris, palaus d&#8217;exposicions&#8230; obtenint un alt coneixement dels requisits que s&#8217;han de complir en un espai esc\u00e8nic. Aix\u00ed ajudem als nostres clients a dur a terme els seus objectius.<\/p>\n<p>Col\u00b7laborem des de l&#8217;inici del projecte amb arquitectes, dissenyadors i altres equips, procurant les millors opcions i marques, i oferint un tracte directe entre el client i el prove\u00efdor.<\/p>\n<p>Proposem les empreses professionals m\u00e9s adequades al projecte sense adquirir compromisos amb les marques o els prove\u00efdors.<\/p>\n<p>Al final del lliurament d&#8217;obra civil, realitzem la posada en marxa de les instal\u00b7lacions, marcant el funcionament i els protocols a seguir, el bon \u00fas dels equips, els manteniments i la configuraci\u00f3 d&#8217;aquests equips per cobrir les necessitats de cadascuna de les activitats planificades a l&#8217;espai.<\/p>\n<p>Per aquesta ra\u00f3 podem participar en la creaci\u00f3 dels equips t\u00e8cnics de les diferents disciplines, formant-los per a les instal\u00b7lacions adquirides i l&#8217;activitat que es realitzar\u00e0.<\/p>\n\t\t\t\t\t\t<\/div>\n\t\t\t\t<\/div>\n\t\t\t\t\t<\/div>\n\t\t<\/div>\n\t\t\t\t\t<\/div>\n\t\t<\/section>\n\t\t\t\t<div class=\"elementor-element elementor-element-6a8360e elementor-widget elementor-widget-spacer\" data-id=\"6a8360e\" data-element_type=\"widget\" data-widget_type=\"spacer.default\">\n\t\t\t\t<div class=\"elementor-widget-container\">\n\t\t\t<style>\/*! elementor - v3.23.0 - 15-07-2024 *\/\n.elementor-column .elementor-spacer-inner{height:var(--spacer-size)}.e-con{--container-widget-width:100%}.e-con-inner>.elementor-widget-spacer,.e-con>.elementor-widget-spacer{width:var(--container-widget-width,var(--spacer-size));--align-self:var(--container-widget-align-self,initial);--flex-shrink:0}.e-con-inner>.elementor-widget-spacer>.elementor-widget-container,.e-con>.elementor-widget-spacer>.elementor-widget-container{height:100%;width:100%}.e-con-inner>.elementor-widget-spacer>.elementor-widget-container>.elementor-spacer,.e-con>.elementor-widget-spacer>.elementor-widget-container>.elementor-spacer{height:100%}.e-con-inner>.elementor-widget-spacer>.elementor-widget-container>.elementor-spacer>.elementor-spacer-inner,.e-con>.elementor-widget-spacer>.elementor-widget-container>.elementor-spacer>.elementor-spacer-inner{height:var(--container-widget-height,var(--spacer-size))}.e-con-inner>.elementor-widget-spacer.elementor-widget-empty,.e-con>.elementor-widget-spacer.elementor-widget-empty{position:relative;min-height:22px;min-width:22px}.e-con-inner>.elementor-widget-spacer.elementor-widget-empty .elementor-widget-empty-icon,.e-con>.elementor-widget-spacer.elementor-widget-empty .elementor-widget-empty-icon{position:absolute;top:0;bottom:0;left:0;right:0;margin:auto;padding:0;width:22px;height:22px}<\/style>\t\t<div class=\"elementor-spacer\">\n\t\t\t<div class=\"elementor-spacer-inner\"><\/div>\n\t\t<\/div>\n\t\t\t\t<\/div>\n\t\t\t\t<\/div>\n\t\t\t\t\t<\/div>\n\t\t<\/div>\n\t\t\t\t\t<\/div>\n\t\t<\/section>\n\t\t\t\t<\/div>\n\t\t","protected":false},"excerpt":{"rendered":"<p>Consultoria i assessoria El nostre comprom\u00eds amb el m\u00f3n de l&#8217;espectacle ens ha portat a involucrar-nos en el disseny i assessorament d&#8217;espais esc\u00e8nics i d&#8217;entreteniment, oferint els nostres coneixements i experi\u00e8ncia tant en el disseny de l&#8217;espai com en la configuraci\u00f3 dels equipaments t\u00e8cnics, mec\u00e0nica esc\u00e8nica, audiovisuals, il\u00b7luminaci\u00f3 i recondicionament ac\u00fastic. Els professionals que col\u00b7laboren [&hellip;]<\/p>\n","protected":false},"author":1,"featured_media":0,"parent":0,"menu_order":0,"comment_status":"closed","ping_status":"closed","template":"","meta":{"footnotes":""},"class_list":["post-27929","page","type-page","status-publish","hentry"],"yoast_head":"<!-- This site is optimized with the Yoast SEO plugin v23.0 - https:\/\/yoast.com\/wordpress\/plugins\/seo\/ -->\n<title>Consultoria i assessoria - Illusion Stage<\/title>\n<meta name=\"description\" content=\"Consultoria i assessoria dels equipaments t\u00e8cnics, mec\u00e0nica esc\u00e8nica, audiovisuals, il\u00b7luminaci\u00f3 i condicionament ac\u00fastic.\" \/>\n<meta name=\"robots\" content=\"index, follow, max-snippet:-1, max-image-preview:large, max-video-preview:-1\" \/>\n<link rel=\"canonical\" href=\"https:\/\/illusionstage.com\/ca\/consultoria-i-assessoria\/\" \/>\n<meta property=\"og:locale\" content=\"ca_ES\" \/>\n<meta property=\"og:type\" content=\"article\" \/>\n<meta property=\"og:title\" content=\"Consultoria i assessoria - Illusion Stage\" \/>\n<meta property=\"og:description\" content=\"Consultoria i assessoria dels equipaments t\u00e8cnics, mec\u00e0nica esc\u00e8nica, audiovisuals, il\u00b7luminaci\u00f3 i condicionament ac\u00fastic.\" \/>\n<meta property=\"og:url\" content=\"https:\/\/illusionstage.com\/ca\/consultoria-i-assessoria\/\" \/>\n<meta property=\"og:site_name\" content=\"Illusion Stage\" \/>\n<meta property=\"article:publisher\" content=\"https:\/\/facebook.com\/illusionstage\/\" \/>\n<meta property=\"article:modified_time\" content=\"2023-03-22T15:37:55+00:00\" \/>\n<meta name=\"twitter:card\" content=\"summary_large_image\" \/>\n<meta name=\"twitter:label1\" content=\"Temps estimat de lectura\" \/>\n\t<meta name=\"twitter:data1\" content=\"3 minuts\" \/>\n<script type=\"application\/ld+json\" class=\"yoast-schema-graph\">{\"@context\":\"https:\/\/schema.org\",\"@graph\":[{\"@type\":\"WebPage\",\"@id\":\"https:\/\/illusionstage.com\/ca\/consultoria-i-assessoria\/\",\"url\":\"https:\/\/illusionstage.com\/ca\/consultoria-i-assessoria\/\",\"name\":\"Consultoria i assessoria - Illusion Stage\",\"isPartOf\":{\"@id\":\"https:\/\/illusionstage.com\/ca\/#website\"},\"datePublished\":\"2023-01-31T15:06:48+00:00\",\"dateModified\":\"2023-03-22T15:37:55+00:00\",\"description\":\"Consultoria i assessoria dels equipaments t\u00e8cnics, mec\u00e0nica esc\u00e8nica, audiovisuals, il\u00b7luminaci\u00f3 i condicionament ac\u00fastic.\",\"breadcrumb\":{\"@id\":\"https:\/\/illusionstage.com\/ca\/consultoria-i-assessoria\/#breadcrumb\"},\"inLanguage\":\"ca\",\"potentialAction\":[{\"@type\":\"ReadAction\",\"target\":[\"https:\/\/illusionstage.com\/ca\/consultoria-i-assessoria\/\"]}]},{\"@type\":\"BreadcrumbList\",\"@id\":\"https:\/\/illusionstage.com\/ca\/consultoria-i-assessoria\/#breadcrumb\",\"itemListElement\":[{\"@type\":\"ListItem\",\"position\":1,\"name\":\"Home\",\"item\":\"https:\/\/illusionstage.com\/ca\/\"},{\"@type\":\"ListItem\",\"position\":2,\"name\":\"Consultoria i assessoria\"}]},{\"@type\":\"WebSite\",\"@id\":\"https:\/\/illusionstage.com\/ca\/#website\",\"url\":\"https:\/\/illusionstage.com\/ca\/\",\"name\":\"Illusion Stage\",\"description\":\"Constructores de sue&ntilde;os. Creadores de experiencias. Generadores de emociones\",\"publisher\":{\"@id\":\"https:\/\/illusionstage.com\/ca\/#organization\"},\"potentialAction\":[{\"@type\":\"SearchAction\",\"target\":{\"@type\":\"EntryPoint\",\"urlTemplate\":\"https:\/\/illusionstage.com\/ca\/?s={search_term_string}\"},\"query-input\":\"required name=search_term_string\"}],\"inLanguage\":\"ca\"},{\"@type\":\"Organization\",\"@id\":\"https:\/\/illusionstage.com\/ca\/#organization\",\"name\":\"Illusion Stage\",\"url\":\"https:\/\/illusionstage.com\/ca\/\",\"logo\":{\"@type\":\"ImageObject\",\"inLanguage\":\"ca\",\"@id\":\"https:\/\/illusionstage.com\/ca\/#\/schema\/logo\/image\/\",\"url\":\"https:\/\/illusionstage.com\/wp-content\/uploads\/2019\/10\/cropped-Logo-pk.png\",\"contentUrl\":\"https:\/\/illusionstage.com\/wp-content\/uploads\/2019\/10\/cropped-Logo-pk.png\",\"width\":512,\"height\":512,\"caption\":\"Illusion Stage\"},\"image\":{\"@id\":\"https:\/\/illusionstage.com\/ca\/#\/schema\/logo\/image\/\"},\"sameAs\":[\"https:\/\/facebook.com\/illusionstage\/\",\"https:\/\/www.instagram.com\/illusionstage_\/\",\"https:\/\/www.linkedin.com\/in\/illusion-stage-7b6967185\/?originalSubdomain=es\"]}]}<\/script>\n<!-- \/ Yoast SEO plugin. -->","yoast_head_json":{"title":"Consultoria i assessoria - Illusion Stage","description":"Consultoria i assessoria dels equipaments t\u00e8cnics, mec\u00e0nica esc\u00e8nica, audiovisuals, il\u00b7luminaci\u00f3 i condicionament ac\u00fastic.","robots":{"index":"index","follow":"follow","max-snippet":"max-snippet:-1","max-image-preview":"max-image-preview:large","max-video-preview":"max-video-preview:-1"},"canonical":"https:\/\/illusionstage.com\/ca\/consultoria-i-assessoria\/","og_locale":"ca_ES","og_type":"article","og_title":"Consultoria i assessoria - Illusion Stage","og_description":"Consultoria i assessoria dels equipaments t\u00e8cnics, mec\u00e0nica esc\u00e8nica, audiovisuals, il\u00b7luminaci\u00f3 i condicionament ac\u00fastic.","og_url":"https:\/\/illusionstage.com\/ca\/consultoria-i-assessoria\/","og_site_name":"Illusion Stage","article_publisher":"https:\/\/facebook.com\/illusionstage\/","article_modified_time":"2023-03-22T15:37:55+00:00","twitter_card":"summary_large_image","twitter_misc":{"Temps estimat de lectura":"3 minuts"},"schema":{"@context":"https:\/\/schema.org","@graph":[{"@type":"WebPage","@id":"https:\/\/illusionstage.com\/ca\/consultoria-i-assessoria\/","url":"https:\/\/illusionstage.com\/ca\/consultoria-i-assessoria\/","name":"Consultoria i assessoria - Illusion Stage","isPartOf":{"@id":"https:\/\/illusionstage.com\/ca\/#website"},"datePublished":"2023-01-31T15:06:48+00:00","dateModified":"2023-03-22T15:37:55+00:00","description":"Consultoria i assessoria dels equipaments t\u00e8cnics, mec\u00e0nica esc\u00e8nica, audiovisuals, il\u00b7luminaci\u00f3 i condicionament ac\u00fastic.","breadcrumb":{"@id":"https:\/\/illusionstage.com\/ca\/consultoria-i-assessoria\/#breadcrumb"},"inLanguage":"ca","potentialAction":[{"@type":"ReadAction","target":["https:\/\/illusionstage.com\/ca\/consultoria-i-assessoria\/"]}]},{"@type":"BreadcrumbList","@id":"https:\/\/illusionstage.com\/ca\/consultoria-i-assessoria\/#breadcrumb","itemListElement":[{"@type":"ListItem","position":1,"name":"Home","item":"https:\/\/illusionstage.com\/ca\/"},{"@type":"ListItem","position":2,"name":"Consultoria i assessoria"}]},{"@type":"WebSite","@id":"https:\/\/illusionstage.com\/ca\/#website","url":"https:\/\/illusionstage.com\/ca\/","name":"Illusion Stage","description":"Constructores de sue&ntilde;os. Creadores de experiencias. Generadores de emociones","publisher":{"@id":"https:\/\/illusionstage.com\/ca\/#organization"},"potentialAction":[{"@type":"SearchAction","target":{"@type":"EntryPoint","urlTemplate":"https:\/\/illusionstage.com\/ca\/?s={search_term_string}"},"query-input":"required name=search_term_string"}],"inLanguage":"ca"},{"@type":"Organization","@id":"https:\/\/illusionstage.com\/ca\/#organization","name":"Illusion Stage","url":"https:\/\/illusionstage.com\/ca\/","logo":{"@type":"ImageObject","inLanguage":"ca","@id":"https:\/\/illusionstage.com\/ca\/#\/schema\/logo\/image\/","url":"https:\/\/illusionstage.com\/wp-content\/uploads\/2019\/10\/cropped-Logo-pk.png","contentUrl":"https:\/\/illusionstage.com\/wp-content\/uploads\/2019\/10\/cropped-Logo-pk.png","width":512,"height":512,"caption":"Illusion Stage"},"image":{"@id":"https:\/\/illusionstage.com\/ca\/#\/schema\/logo\/image\/"},"sameAs":["https:\/\/facebook.com\/illusionstage\/","https:\/\/www.instagram.com\/illusionstage_\/","https:\/\/www.linkedin.com\/in\/illusion-stage-7b6967185\/?originalSubdomain=es"]}]}},"_links":{"self":[{"href":"https:\/\/illusionstage.com\/ca\/wp-json\/wp\/v2\/pages\/27929"}],"collection":[{"href":"https:\/\/illusionstage.com\/ca\/wp-json\/wp\/v2\/pages"}],"about":[{"href":"https:\/\/illusionstage.com\/ca\/wp-json\/wp\/v2\/types\/page"}],"author":[{"embeddable":true,"href":"https:\/\/illusionstage.com\/ca\/wp-json\/wp\/v2\/users\/1"}],"replies":[{"embeddable":true,"href":"https:\/\/illusionstage.com\/ca\/wp-json\/wp\/v2\/comments?post=27929"}],"version-history":[{"count":12,"href":"https:\/\/illusionstage.com\/ca\/wp-json\/wp\/v2\/pages\/27929\/revisions"}],"predecessor-version":[{"id":28636,"href":"https:\/\/illusionstage.com\/ca\/wp-json\/wp\/v2\/pages\/27929\/revisions\/28636"}],"wp:attachment":[{"href":"https:\/\/illusionstage.com\/ca\/wp-json\/wp\/v2\/media?parent=27929"}],"curies":[{"name":"wp","href":"https:\/\/api.w.org\/{rel}","templated":true}]}}